{"id":710,"date":"2023-05-25T06:35:38","date_gmt":"2023-05-25T03:35:38","guid":{"rendered":"https:\/\/aroratr.club\/motolog\/?page_id=710"},"modified":"2023-05-25T06:42:46","modified_gmt":"2023-05-25T03:42:46","slug":"markalar","status":"publish","type":"page","link":"https:\/\/aroratr.club\/motolog\/markalar\/","title":{"rendered":"Markalar ve \u00c7e\u015fitler"},"content":{"rendered":"<li class=\"categories\">Kategoriler<ul>\t<li class=\"cat-item cat-item-1\"><a href=\"https:\/\/aroratr.club\/motolog\/category\/genel\/\">Genel<\/a>\n<\/li>\n\t<li class=\"cat-item cat-item-707\"><a href=\"https:\/\/aroratr.club\/motolog\/category\/tvs\/\">TVS<\/a>\n<\/li>\n\t<li class=\"cat-item cat-item-704\"><a href=\"https:\/\/aroratr.club\/motolog\/category\/cf-moto\/\">CF MOTO<\/a>\n<\/li>\n\t<li class=\"cat-item cat-item-698\"><a href=\"https:\/\/aroratr.club\/motolog\/category\/regal-raptor\/\">Regal Raptor<\/a>\n<\/li>\n\t<li class=\"cat-item cat-item-520\"><a href=\"https:\/\/aroratr.club\/motolog\/category\/elektrikli-motosiklet\/\">ELEKTR\u0130KL\u0130 MOTOS\u0130KLET<\/a>\n<\/li>\n\t<li class=\"cat-item cat-item-711\"><a href=\"https:\/\/aroratr.club\/motolog\/category\/altai\/\">Altai<\/a>\n<\/li>\n\t<li class=\"cat-item cat-item-516\"><a href=\"https:\/\/aroratr.club\/motolog\/category\/supersportracing\/\">SUPERSPORT(Racing)<\/a>\n<\/li>\n\t<li class=\"cat-item cat-item-706\"><a href=\"https:\/\/aroratr.club\/motolog\/category\/husqvarna\/\">Husqvarna<\/a>\n<\/li>\n\t<li class=\"cat-item cat-item-708\"><a href=\"https:\/\/aroratr.club\/motolog\/category\/falcon\/\">Falcon<\/a>\n<\/li>\n\t<li class=\"cat-item cat-item-705\"><a href=\"https:\/\/aroratr.club\/motolog\/category\/malaguti\/\">Malaguti<\/a>\n<\/li>\n\t<li class=\"cat-item cat-item-703\"><a href=\"https:\/\/aroratr.club\/motolog\/category\/sym\/\">SYM<\/a>\n<\/li>\n\t<li class=\"cat-item cat-item-515\"><a href=\"https:\/\/aroratr.club\/motolog\/category\/naked\/\">NAKED<\/a>\n<\/li>\n\t<li class=\"cat-item cat-item-709\"><a href=\"https:\/\/aroratr.club\/motolog\/category\/um-motorcycle\/\">UM Motorcycle<\/a>\n<\/li>\n\t<li class=\"cat-item cat-item-710\"><a href=\"https:\/\/aroratr.club\/motolog\/category\/motolux\/\">Motolux<\/a>\n<\/li>\n\t<li class=\"cat-item cat-item-24\"><a href=\"https:\/\/aroratr.club\/motolog\/category\/kanuni\/\">Kanuni<\/a>\n<\/li>\n\t<li class=\"cat-item cat-item-519\"><a href=\"https:\/\/aroratr.club\/motolog\/category\/cross-motocross\/\">CROSS (MOTOCROSS)<\/a>\n<\/li>\n\t<li class=\"cat-item cat-item-514\"><a href=\"https:\/\/aroratr.club\/motolog\/category\/chopper-cruiser-costom\/\">CHOPPER \/ CRUISER \/ COSTOM<\/a>\n<\/li>\n\t<li class=\"cat-item cat-item-261\"><a href=\"https:\/\/aroratr.club\/motolog\/category\/yuki\/\">Yuki<\/a>\n<\/li>\n\t<li class=\"cat-item cat-item-38\"><a href=\"https:\/\/aroratr.club\/motolog\/category\/kuba\/\">Kuba<\/a>\n<\/li>\n\t<li class=\"cat-item cat-item-517\"><a href=\"https:\/\/aroratr.club\/motolog\/category\/touring\/\">TOURING<\/a>\n<\/li>\n\t<li class=\"cat-item cat-item-27\"><a href=\"https:\/\/aroratr.club\/motolog\/category\/mondial\/\">Mondial<\/a>\n<\/li>\n\t<li class=\"cat-item cat-item-25\"><a href=\"https:\/\/aroratr.club\/motolog\/category\/rks\/\">RKS<\/a>\n<\/li>\n\t<li class=\"cat-item cat-item-351\"><a href=\"https:\/\/aroratr.club\/motolog\/category\/scooter-maxi-scooter\/\">Scooter\/Maxi Scooter<\/a>\n<\/li>\n<\/ul><\/li>\n","protected":false},"excerpt":{"rendered":"","protected":false},"author":85,"featured_media":0,"parent":0,"menu_order":0,"comment_status":"closed","ping_status":"closed","template":"","meta":[],"yoast_head":"<!-- This site is optimized with the Yoast SEO plugin v20.7 - https:\/\/yoast.com\/wordpress\/plugins\/seo\/ -->\n<title>Markalar ve \u00c7e\u015fitler - Motolog<\/title>\n<meta name=\"robots\" content=\"index, follow, max-snippet:-1, max-image-preview:large, max-video-preview:-1\" \/>\n<link rel=\"canonical\" href=\"https:\/\/aroratr.club\/motolog\/markalar\/\" class=\"yoast-seo-meta-tag\" \/>\n<meta property=\"og:locale\" content=\"tr_TR\" class=\"yoast-seo-meta-tag\" \/>\n<meta property=\"og:type\" content=\"article\" class=\"yoast-seo-meta-tag\" \/>\n<meta property=\"og:title\" content=\"Markalar ve \u00c7e\u015fitler - Motolog\" class=\"yoast-seo-meta-tag\" \/>\n<meta property=\"og:url\" content=\"https:\/\/aroratr.club\/motolog\/markalar\/\" class=\"yoast-seo-meta-tag\" \/>\n<meta property=\"og:site_name\" content=\"Motolog\" class=\"yoast-seo-meta-tag\" \/>\n<meta property=\"article:modified_time\" content=\"2023-05-25T03:42:46+00:00\" class=\"yoast-seo-meta-tag\" \/>\n<meta name=\"twitter:card\" content=\"summary_large_image\" class=\"yoast-seo-meta-tag\" \/>\n<script type=\"application\/ld+json\" class=\"yoast-schema-graph\">{\"@context\":\"https:\/\/schema.org\",\"@graph\":[{\"@type\":\"WebPage\",\"@id\":\"https:\/\/aroratr.club\/motolog\/markalar\/\",\"url\":\"https:\/\/aroratr.club\/motolog\/markalar\/\",\"name\":\"Markalar ve \u00c7e\u015fitler - Motolog\",\"isPartOf\":{\"@id\":\"https:\/\/aroratr.club\/motolog\/#website\"},\"datePublished\":\"2023-05-25T03:35:38+00:00\",\"dateModified\":\"2023-05-25T03:42:46+00:00\",\"breadcrumb\":{\"@id\":\"https:\/\/aroratr.club\/motolog\/markalar\/#breadcrumb\"},\"inLanguage\":\"tr\",\"potentialAction\":[{\"@type\":\"ReadAction\",\"target\":[\"https:\/\/aroratr.club\/motolog\/markalar\/\"]}]},{\"@type\":\"BreadcrumbList\",\"@id\":\"https:\/\/aroratr.club\/motolog\/markalar\/#breadcrumb\",\"itemListElement\":[{\"@type\":\"ListItem\",\"position\":1,\"name\":\"Anasayfa\",\"item\":\"https:\/\/aroratr.club\/motolog\/\"},{\"@type\":\"ListItem\",\"position\":2,\"name\":\"Markalar ve \u00c7e\u015fitler\"}]},{\"@type\":\"WebSite\",\"@id\":\"https:\/\/aroratr.club\/motolog\/#website\",\"url\":\"https:\/\/aroratr.club\/motolog\/\",\"name\":\"Motolog\",\"description\":\"Motosiklet D\u00fcnyas\u0131n\u0131n Kalbi Burada At\u0131yor\",\"publisher\":{\"@id\":\"https:\/\/aroratr.club\/motolog\/#organization\"},\"potentialAction\":[{\"@type\":\"SearchAction\",\"target\":{\"@type\":\"EntryPoint\",\"urlTemplate\":\"https:\/\/aroratr.club\/motolog\/?s={search_term_string}\"},\"query-input\":\"required name=search_term_string\"}],\"inLanguage\":\"tr\"},{\"@type\":\"Organization\",\"@id\":\"https:\/\/aroratr.club\/motolog\/#organization\",\"name\":\"Motolog\",\"url\":\"https:\/\/aroratr.club\/motolog\/\",\"logo\":{\"@type\":\"ImageObject\",\"inLanguage\":\"tr\",\"@id\":\"https:\/\/aroratr.club\/motolog\/#\/schema\/logo\/image\/\",\"url\":\"https:\/\/aroratr.club\/motolog\/wp-content\/uploads\/2023\/05\/cropped-image-removebg-preview-16-1.png\",\"contentUrl\":\"https:\/\/aroratr.club\/motolog\/wp-content\/uploads\/2023\/05\/cropped-image-removebg-preview-16-1.png\",\"width\":996,\"height\":250,\"caption\":\"Motolog\"},\"image\":{\"@id\":\"https:\/\/aroratr.club\/motolog\/#\/schema\/logo\/image\/\"}}]}<\/script>\n<!-- \/ Yoast SEO plugin. -->","yoast_head_json":{"title":"Markalar ve \u00c7e\u015fitler - Motolog","robots":{"index":"index","follow":"follow","max-snippet":"max-snippet:-1","max-image-preview":"max-image-preview:large","max-video-preview":"max-video-preview:-1"},"canonical":"https:\/\/aroratr.club\/motolog\/markalar\/","og_locale":"tr_TR","og_type":"article","og_title":"Markalar ve \u00c7e\u015fitler - Motolog","og_url":"https:\/\/aroratr.club\/motolog\/markalar\/","og_site_name":"Motolog","article_modified_time":"2023-05-25T03:42:46+00:00","twitter_card":"summary_large_image","schema":{"@context":"https:\/\/schema.org","@graph":[{"@type":"WebPage","@id":"https:\/\/aroratr.club\/motolog\/markalar\/","url":"https:\/\/aroratr.club\/motolog\/markalar\/","name":"Markalar ve \u00c7e\u015fitler - Motolog","isPartOf":{"@id":"https:\/\/aroratr.club\/motolog\/#website"},"datePublished":"2023-05-25T03:35:38+00:00","dateModified":"2023-05-25T03:42:46+00:00","breadcrumb":{"@id":"https:\/\/aroratr.club\/motolog\/markalar\/#breadcrumb"},"inLanguage":"tr","potentialAction":[{"@type":"ReadAction","target":["https:\/\/aroratr.club\/motolog\/markalar\/"]}]},{"@type":"BreadcrumbList","@id":"https:\/\/aroratr.club\/motolog\/markalar\/#breadcrumb","itemListElement":[{"@type":"ListItem","position":1,"name":"Anasayfa","item":"https:\/\/aroratr.club\/motolog\/"},{"@type":"ListItem","position":2,"name":"Markalar ve \u00c7e\u015fitler"}]},{"@type":"WebSite","@id":"https:\/\/aroratr.club\/motolog\/#website","url":"https:\/\/aroratr.club\/motolog\/","name":"Motolog","description":"Motosiklet D\u00fcnyas\u0131n\u0131n Kalbi Burada At\u0131yor","publisher":{"@id":"https:\/\/aroratr.club\/motolog\/#organization"},"potentialAction":[{"@type":"SearchAction","target":{"@type":"EntryPoint","urlTemplate":"https:\/\/aroratr.club\/motolog\/?s={search_term_string}"},"query-input":"required name=search_term_string"}],"inLanguage":"tr"},{"@type":"Organization","@id":"https:\/\/aroratr.club\/motolog\/#organization","name":"Motolog","url":"https:\/\/aroratr.club\/motolog\/","logo":{"@type":"ImageObject","inLanguage":"tr","@id":"https:\/\/aroratr.club\/motolog\/#\/schema\/logo\/image\/","url":"https:\/\/aroratr.club\/motolog\/wp-content\/uploads\/2023\/05\/cropped-image-removebg-preview-16-1.png","contentUrl":"https:\/\/aroratr.club\/motolog\/wp-content\/uploads\/2023\/05\/cropped-image-removebg-preview-16-1.png","width":996,"height":250,"caption":"Motolog"},"image":{"@id":"https:\/\/aroratr.club\/motolog\/#\/schema\/logo\/image\/"}}]}},"_links":{"self":[{"href":"https:\/\/aroratr.club\/motolog\/wp-json\/wp\/v2\/pages\/710"}],"collection":[{"href":"https:\/\/aroratr.club\/motolog\/wp-json\/wp\/v2\/pages"}],"about":[{"href":"https:\/\/aroratr.club\/motolog\/wp-json\/wp\/v2\/types\/page"}],"author":[{"embeddable":true,"href":"https:\/\/aroratr.club\/motolog\/wp-json\/wp\/v2\/users\/85"}],"replies":[{"embeddable":true,"href":"https:\/\/aroratr.club\/motolog\/wp-json\/wp\/v2\/comments?post=710"}],"version-history":[{"count":8,"href":"https:\/\/aroratr.club\/motolog\/wp-json\/wp\/v2\/pages\/710\/revisions"}],"predecessor-version":[{"id":722,"href":"https:\/\/aroratr.club\/motolog\/wp-json\/wp\/v2\/pages\/710\/revisions\/722"}],"wp:attachment":[{"href":"https:\/\/aroratr.club\/motolog\/wp-json\/wp\/v2\/media?parent=710"}],"curies":[{"name":"wp","href":"https:\/\/api.w.org\/{rel}","templated":true}]}}