{"id":104,"date":"2023-05-20T04:47:36","date_gmt":"2023-05-20T01:47:36","guid":{"rendered":"https:\/\/aroratr.club\/motolog\/?page_id=104"},"modified":"2023-05-20T04:47:37","modified_gmt":"2023-05-20T01:47:37","slug":"motolog-telif-hakki-ve-fikri-mulkiyet-politikasi","status":"publish","type":"page","link":"https:\/\/aroratr.club\/motolog\/motolog-telif-hakki-ve-fikri-mulkiyet-politikasi\/","title":{"rendered":"Motolog Telif Hakk\u0131 ve Fikri M\u00fclkiyet Politikas\u0131"},"content":{"rendered":"\n<p>L\u00fctfen a\u015fa\u011f\u0131daki Telif Hakk\u0131 ve Fikri M\u00fclkiyet Politikas\u0131&#8217;n\u0131 dikkatlice okuyunuz. Motolog adl\u0131 web sitesini (buradan sonra &#8220;Sitemiz&#8221; olarak an\u0131lacakt\u0131r) ziyaret etti\u011finizde, a\u015fa\u011f\u0131daki politikay\u0131 kabul etmi\u015f say\u0131l\u0131rs\u0131n\u0131z.<\/p>\n\n\n\n<ol>\n<li>Fikri M\u00fclkiyet Haklar\u0131<\/li>\n<\/ol>\n\n\n\n<p>1.1. Sitemizde yer alan t\u00fcm i\u00e7erikler (metinler, g\u00f6r\u00fcnt\u00fcler, logolar, videolar vb.) telif hakk\u0131 ve di\u011fer fikri m\u00fclkiyet haklar\u0131 ile korunmaktad\u0131r. Bu i\u00e7erikler, yasalar ve uluslararas\u0131 anla\u015fmalarla korunmaktad\u0131r.<\/p>\n\n\n\n<p>1.2. Sitemizdeki i\u00e7eriklerin t\u00fcm telif hakk\u0131 ve fikri m\u00fclkiyet haklar\u0131 Motolog&#8217;a veya ilgili i\u00e7erik sa\u011flay\u0131c\u0131lara aittir. Bu haklar\u0131n kullan\u0131m\u0131, izin veya lisans al\u0131nmad\u0131\u011f\u0131 s\u00fcrece yasakt\u0131r.<\/p>\n\n\n\n<ol start=\"2\">\n<li>\u0130\u00e7erik Kullan\u0131m\u0131<\/li>\n<\/ol>\n\n\n\n<p>2.1. Sitemizdeki i\u00e7erikler, yaln\u0131zca ki\u015fisel, ticari olmayan kullan\u0131m i\u00e7in sunulmu\u015ftur. Bu i\u00e7erikleri \u00e7o\u011faltma, da\u011f\u0131tma, de\u011fi\u015ftirme veya ticari ama\u00e7larla kullanma hakk\u0131na sahip de\u011filsiniz.<\/p>\n\n\n\n<p>2.2. Sitemizdeki i\u00e7erikleri, Motolog veya ilgili i\u00e7erik sa\u011flay\u0131c\u0131lar\u0131n a\u00e7\u0131k izni olmadan ba\u015fka bir web sitesinde veya platformda yay\u0131nlamak, payla\u015fmak veya kullanmak yasakt\u0131r.<\/p>\n\n\n\n<ol start=\"3\">\n<li>Telif Hakk\u0131 \u0130hlali Bildirimleri<\/li>\n<\/ol>\n\n\n\n<p>3.1. Motolog, telif hakk\u0131na sayg\u0131 duyar ve yasalarla korunan fikri m\u00fclkiyet haklar\u0131n\u0131 ihlal eden i\u00e7erikleri yay\u0131nlamamaya \u00f6zen g\u00f6sterir. E\u011fer kendi telif hakk\u0131n\u0131za veya fikri m\u00fclkiyet haklar\u0131n\u0131za ayk\u0131r\u0131 bir i\u00e7erik bulduysan\u0131z, l\u00fctfen a\u015fa\u011f\u0131daki bilgileri i\u00e7eren bir bildirimde bulunun:<\/p>\n\n\n\n<ul>\n<li>\u0130hlal iddias\u0131n\u0131n ayr\u0131nt\u0131lar\u0131 ve ihlal edilen i\u00e7eri\u011fin yerini belirtin.<\/li>\n\n\n\n<li>\u0130lgili telif hakk\u0131 sahibi veya yetkilendirilmi\u015f temsilcinin ileti\u015fim bilgilerini verin.<\/li>\n\n\n\n<li>Bildiriminizde, beyan\u0131n\u0131z\u0131n do\u011fru oldu\u011funu, telif hakk\u0131 sahibi oldu\u011funuzu veya yetkili oldu\u011funuzu belirtin.<\/li>\n\n\n\n<li>Bildiriminizi elektronik bir imza ile veya fiziksel olarak imzalayarak yap\u0131n.<\/li>\n<\/ul>\n\n\n\n<p>3.2. Telif hakk\u0131 ihlali bildirimleriyle ilgili olarak Motolog ileti\u015fim bilgilerini Sitemizde yay\u0131nlam\u0131\u015ft\u0131r. Bildiriminiz \u00fczerine, telif hakk\u0131 ihlalini inceleyecek ve gerekli eylemleri alacakt\u0131r.<\/p>\n\n\n\n<ol start=\"4\">\n<li>\u0130\u00e7erik Sa\u011flay\u0131c\u0131lar<\/li>\n<\/ol>\n\n\n\n<p>4.1. Sitemizde yer alan baz\u0131 i\u00e7erikler, \u00fc\u00e7\u00fcnc\u00fc taraf i\u00e7erik sa\u011flay\u0131c\u0131lar\u0131 taraf\u0131ndan sa\u011flanmaktad\u0131r. Bu i\u00e7erikler, ilgili i\u00e7erik sa\u011flay\u0131c\u0131n\u0131n telif hakk\u0131 ve fikri m\u00fclkiyet haklar\u0131na tabidir.<\/p>\n\n\n\n<p>4.2. \u00dc\u00e7\u00fcnc\u00fc taraf i\u00e7erik sa\u011flay\u0131c\u0131lar\u0131, kendi i\u00e7eriklerini korumaktan sorumludur ve bu i\u00e7eriklerle ilgili telif hakk\u0131 ihlali bildirimleri do\u011frultusunda hareket etmektedirler. Motolog, \u00fc\u00e7\u00fcnc\u00fc taraf i\u00e7erik sa\u011flay\u0131c\u0131lar\u0131n\u0131n telif hakk\u0131 politikalar\u0131n\u0131 ve yasal s\u00fcre\u00e7leri desteklemektedir.<\/p>\n\n\n\n<ol start=\"5\">\n<li>De\u011fi\u015fiklikler<\/li>\n<\/ol>\n\n\n\n<p>5.1. Bu Telif Hakk\u0131 ve Fikri M\u00fclkiyet Politikas\u0131, gerekti\u011finde g\u00fcncellenebilir ve de\u011fi\u015ftirilebilir. Herhangi bir g\u00fcncelleme yap\u0131ld\u0131\u011f\u0131nda, de\u011fi\u015fikliklerin y\u00fcr\u00fcrl\u00fc\u011fe girdi\u011fi tarihi g\u00fcncelleyerek Sitemizde yay\u0131nlar\u0131z. Bu sayfay\u0131 d\u00fczenli olarak kontrol etmeniz \u00f6nerilir.<\/p>\n\n\n\n<ol start=\"6\">\n<li>\u0130leti\u015fim<\/li>\n<\/ol>\n\n\n\n<p>6.1. Telif hakk\u0131 ve fikri m\u00fclkiyet haklar\u0131 ile ilgili herhangi bir sorunuz veya endi\u015feniz varsa, l\u00fctfen bizimle ileti\u015fime ge\u00e7mekten \u00e7ekinmeyin. \u0130leti\u015fim bilgilerimizi Sitemizde bulabilirsiniz.<\/p>\n","protected":false},"excerpt":{"rendered":"<p>L\u00fctfen a\u015fa\u011f\u0131daki Telif Hakk\u0131 ve Fikri M\u00fclkiyet Politikas\u0131&#8217;n\u0131 dikkatlice okuyunuz. Motolog adl\u0131 web sitesini (buradan sonra &#8220;Sitemiz&#8221; olarak an\u0131lacakt\u0131r) ziyaret etti\u011finizde, a\u015fa\u011f\u0131daki politikay\u0131 kabul etmi\u015f say\u0131l\u0131rs\u0131n\u0131z. 1.1. Sitemizde yer alan t\u00fcm i\u00e7erikler (metinler, g\u00f6r\u00fcnt\u00fcler, logolar, videolar vb.) telif hakk\u0131 ve di\u011fer fikri m\u00fclkiyet haklar\u0131 ile korunmaktad\u0131r. Bu i\u00e7erikler, yasalar ve uluslararas\u0131 anla\u015fmalarla korunmaktad\u0131r. 1.2. Sitemizdeki [&hellip;]<\/p>\n","protected":false},"author":85,"featured_media":0,"parent":0,"menu_order":0,"comment_status":"closed","ping_status":"closed","template":"","meta":[],"yoast_head":"<!-- This site is optimized with the Yoast SEO plugin v20.7 - https:\/\/yoast.com\/wordpress\/plugins\/seo\/ -->\n<title>Motolog Telif Hakk\u0131 ve Fikri M\u00fclkiyet Politikas\u0131 - Motolog<\/title>\n<meta name=\"robots\" content=\"index, follow, max-snippet:-1, max-image-preview:large, max-video-preview:-1\" \/>\n<link rel=\"canonical\" href=\"https:\/\/aroratr.club\/motolog\/motolog-telif-hakki-ve-fikri-mulkiyet-politikasi\/\" class=\"yoast-seo-meta-tag\" \/>\n<meta property=\"og:locale\" content=\"tr_TR\" class=\"yoast-seo-meta-tag\" \/>\n<meta property=\"og:type\" content=\"article\" class=\"yoast-seo-meta-tag\" \/>\n<meta property=\"og:title\" content=\"Motolog Telif Hakk\u0131 ve Fikri M\u00fclkiyet Politikas\u0131 - Motolog\" class=\"yoast-seo-meta-tag\" \/>\n<meta property=\"og:description\" content=\"L\u00fctfen a\u015fa\u011f\u0131daki Telif Hakk\u0131 ve Fikri M\u00fclkiyet Politikas\u0131&#8217;n\u0131 dikkatlice okuyunuz. Motolog adl\u0131 web sitesini (buradan sonra &#8220;Sitemiz&#8221; olarak an\u0131lacakt\u0131r) ziyaret etti\u011finizde, a\u015fa\u011f\u0131daki politikay\u0131 kabul etmi\u015f say\u0131l\u0131rs\u0131n\u0131z. 1.1. Sitemizde yer alan t\u00fcm i\u00e7erikler (metinler, g\u00f6r\u00fcnt\u00fcler, logolar, videolar vb.) telif hakk\u0131 ve di\u011fer fikri m\u00fclkiyet haklar\u0131 ile korunmaktad\u0131r. Bu i\u00e7erikler, yasalar ve uluslararas\u0131 anla\u015fmalarla korunmaktad\u0131r. 1.2. Sitemizdeki [&hellip;]\" class=\"yoast-seo-meta-tag\" \/>\n<meta property=\"og:url\" content=\"https:\/\/aroratr.club\/motolog\/motolog-telif-hakki-ve-fikri-mulkiyet-politikasi\/\" class=\"yoast-seo-meta-tag\" \/>\n<meta property=\"og:site_name\" content=\"Motolog\" class=\"yoast-seo-meta-tag\" \/>\n<meta property=\"article:modified_time\" content=\"2023-05-20T01:47:37+00:00\" class=\"yoast-seo-meta-tag\" \/>\n<meta name=\"twitter:card\" content=\"summary_large_image\" class=\"yoast-seo-meta-tag\" \/>\n<meta name=\"twitter:label1\" content=\"Tahmini okuma s\u00fcresi\" class=\"yoast-seo-meta-tag\" \/>\n\t<meta name=\"twitter:data1\" content=\"3 dakika\" class=\"yoast-seo-meta-tag\" \/>\n<script type=\"application\/ld+json\" class=\"yoast-schema-graph\">{\"@context\":\"https:\/\/schema.org\",\"@graph\":[{\"@type\":\"WebPage\",\"@id\":\"https:\/\/aroratr.club\/motolog\/motolog-telif-hakki-ve-fikri-mulkiyet-politikasi\/\",\"url\":\"https:\/\/aroratr.club\/motolog\/motolog-telif-hakki-ve-fikri-mulkiyet-politikasi\/\",\"name\":\"Motolog Telif Hakk\u0131 ve Fikri M\u00fclkiyet Politikas\u0131 - Motolog\",\"isPartOf\":{\"@id\":\"https:\/\/aroratr.club\/motolog\/#website\"},\"datePublished\":\"2023-05-20T01:47:36+00:00\",\"dateModified\":\"2023-05-20T01:47:37+00:00\",\"breadcrumb\":{\"@id\":\"https:\/\/aroratr.club\/motolog\/motolog-telif-hakki-ve-fikri-mulkiyet-politikasi\/#breadcrumb\"},\"inLanguage\":\"tr\",\"potentialAction\":[{\"@type\":\"ReadAction\",\"target\":[\"https:\/\/aroratr.club\/motolog\/motolog-telif-hakki-ve-fikri-mulkiyet-politikasi\/\"]}]},{\"@type\":\"BreadcrumbList\",\"@id\":\"https:\/\/aroratr.club\/motolog\/motolog-telif-hakki-ve-fikri-mulkiyet-politikasi\/#breadcrumb\",\"itemListElement\":[{\"@type\":\"ListItem\",\"position\":1,\"name\":\"Anasayfa\",\"item\":\"https:\/\/aroratr.club\/motolog\/\"},{\"@type\":\"ListItem\",\"position\":2,\"name\":\"Motolog Telif Hakk\u0131 ve Fikri M\u00fclkiyet Politikas\u0131\"}]},{\"@type\":\"WebSite\",\"@id\":\"https:\/\/aroratr.club\/motolog\/#website\",\"url\":\"https:\/\/aroratr.club\/motolog\/\",\"name\":\"Motolog\",\"description\":\"Motosiklet D\u00fcnyas\u0131n\u0131n Kalbi Burada At\u0131yor\",\"publisher\":{\"@id\":\"https:\/\/aroratr.club\/motolog\/#organization\"},\"potentialAction\":[{\"@type\":\"SearchAction\",\"target\":{\"@type\":\"EntryPoint\",\"urlTemplate\":\"https:\/\/aroratr.club\/motolog\/?s={search_term_string}\"},\"query-input\":\"required name=search_term_string\"}],\"inLanguage\":\"tr\"},{\"@type\":\"Organization\",\"@id\":\"https:\/\/aroratr.club\/motolog\/#organization\",\"name\":\"Motolog\",\"url\":\"https:\/\/aroratr.club\/motolog\/\",\"logo\":{\"@type\":\"ImageObject\",\"inLanguage\":\"tr\",\"@id\":\"https:\/\/aroratr.club\/motolog\/#\/schema\/logo\/image\/\",\"url\":\"https:\/\/aroratr.club\/motolog\/wp-content\/uploads\/2023\/05\/cropped-image-removebg-preview-16-1.png\",\"contentUrl\":\"https:\/\/aroratr.club\/motolog\/wp-content\/uploads\/2023\/05\/cropped-image-removebg-preview-16-1.png\",\"width\":996,\"height\":250,\"caption\":\"Motolog\"},\"image\":{\"@id\":\"https:\/\/aroratr.club\/motolog\/#\/schema\/logo\/image\/\"}}]}<\/script>\n<!-- \/ Yoast SEO plugin. -->","yoast_head_json":{"title":"Motolog Telif Hakk\u0131 ve Fikri M\u00fclkiyet Politikas\u0131 - Motolog","robots":{"index":"index","follow":"follow","max-snippet":"max-snippet:-1","max-image-preview":"max-image-preview:large","max-video-preview":"max-video-preview:-1"},"canonical":"https:\/\/aroratr.club\/motolog\/motolog-telif-hakki-ve-fikri-mulkiyet-politikasi\/","og_locale":"tr_TR","og_type":"article","og_title":"Motolog Telif Hakk\u0131 ve Fikri M\u00fclkiyet Politikas\u0131 - Motolog","og_description":"L\u00fctfen a\u015fa\u011f\u0131daki Telif Hakk\u0131 ve Fikri M\u00fclkiyet Politikas\u0131&#8217;n\u0131 dikkatlice okuyunuz. Motolog adl\u0131 web sitesini (buradan sonra &#8220;Sitemiz&#8221; olarak an\u0131lacakt\u0131r) ziyaret etti\u011finizde, a\u015fa\u011f\u0131daki politikay\u0131 kabul etmi\u015f say\u0131l\u0131rs\u0131n\u0131z. 1.1. Sitemizde yer alan t\u00fcm i\u00e7erikler (metinler, g\u00f6r\u00fcnt\u00fcler, logolar, videolar vb.) telif hakk\u0131 ve di\u011fer fikri m\u00fclkiyet haklar\u0131 ile korunmaktad\u0131r. Bu i\u00e7erikler, yasalar ve uluslararas\u0131 anla\u015fmalarla korunmaktad\u0131r. 1.2. Sitemizdeki [&hellip;]","og_url":"https:\/\/aroratr.club\/motolog\/motolog-telif-hakki-ve-fikri-mulkiyet-politikasi\/","og_site_name":"Motolog","article_modified_time":"2023-05-20T01:47:37+00:00","twitter_card":"summary_large_image","twitter_misc":{"Tahmini okuma s\u00fcresi":"3 dakika"},"schema":{"@context":"https:\/\/schema.org","@graph":[{"@type":"WebPage","@id":"https:\/\/aroratr.club\/motolog\/motolog-telif-hakki-ve-fikri-mulkiyet-politikasi\/","url":"https:\/\/aroratr.club\/motolog\/motolog-telif-hakki-ve-fikri-mulkiyet-politikasi\/","name":"Motolog Telif Hakk\u0131 ve Fikri M\u00fclkiyet Politikas\u0131 - Motolog","isPartOf":{"@id":"https:\/\/aroratr.club\/motolog\/#website"},"datePublished":"2023-05-20T01:47:36+00:00","dateModified":"2023-05-20T01:47:37+00:00","breadcrumb":{"@id":"https:\/\/aroratr.club\/motolog\/motolog-telif-hakki-ve-fikri-mulkiyet-politikasi\/#breadcrumb"},"inLanguage":"tr","potentialAction":[{"@type":"ReadAction","target":["https:\/\/aroratr.club\/motolog\/motolog-telif-hakki-ve-fikri-mulkiyet-politikasi\/"]}]},{"@type":"BreadcrumbList","@id":"https:\/\/aroratr.club\/motolog\/motolog-telif-hakki-ve-fikri-mulkiyet-politikasi\/#breadcrumb","itemListElement":[{"@type":"ListItem","position":1,"name":"Anasayfa","item":"https:\/\/aroratr.club\/motolog\/"},{"@type":"ListItem","position":2,"name":"Motolog Telif Hakk\u0131 ve Fikri M\u00fclkiyet Politikas\u0131"}]},{"@type":"WebSite","@id":"https:\/\/aroratr.club\/motolog\/#website","url":"https:\/\/aroratr.club\/motolog\/","name":"Motolog","description":"Motosiklet D\u00fcnyas\u0131n\u0131n Kalbi Burada At\u0131yor","publisher":{"@id":"https:\/\/aroratr.club\/motolog\/#organization"},"potentialAction":[{"@type":"SearchAction","target":{"@type":"EntryPoint","urlTemplate":"https:\/\/aroratr.club\/motolog\/?s={search_term_string}"},"query-input":"required name=search_term_string"}],"inLanguage":"tr"},{"@type":"Organization","@id":"https:\/\/aroratr.club\/motolog\/#organization","name":"Motolog","url":"https:\/\/aroratr.club\/motolog\/","logo":{"@type":"ImageObject","inLanguage":"tr","@id":"https:\/\/aroratr.club\/motolog\/#\/schema\/logo\/image\/","url":"https:\/\/aroratr.club\/motolog\/wp-content\/uploads\/2023\/05\/cropped-image-removebg-preview-16-1.png","contentUrl":"https:\/\/aroratr.club\/motolog\/wp-content\/uploads\/2023\/05\/cropped-image-removebg-preview-16-1.png","width":996,"height":250,"caption":"Motolog"},"image":{"@id":"https:\/\/aroratr.club\/motolog\/#\/schema\/logo\/image\/"}}]}},"_links":{"self":[{"href":"https:\/\/aroratr.club\/motolog\/wp-json\/wp\/v2\/pages\/104"}],"collection":[{"href":"https:\/\/aroratr.club\/motolog\/wp-json\/wp\/v2\/pages"}],"about":[{"href":"https:\/\/aroratr.club\/motolog\/wp-json\/wp\/v2\/types\/page"}],"author":[{"embeddable":true,"href":"https:\/\/aroratr.club\/motolog\/wp-json\/wp\/v2\/users\/85"}],"replies":[{"embeddable":true,"href":"https:\/\/aroratr.club\/motolog\/wp-json\/wp\/v2\/comments?post=104"}],"version-history":[{"count":1,"href":"https:\/\/aroratr.club\/motolog\/wp-json\/wp\/v2\/pages\/104\/revisions"}],"predecessor-version":[{"id":105,"href":"https:\/\/aroratr.club\/motolog\/wp-json\/wp\/v2\/pages\/104\/revisions\/105"}],"wp:attachment":[{"href":"https:\/\/aroratr.club\/motolog\/wp-json\/wp\/v2\/media?parent=104"}],"curies":[{"name":"wp","href":"https:\/\/api.w.org\/{rel}","templated":true}]}}