{"id":371,"date":"2023-06-23T04:59:49","date_gmt":"2023-06-23T01:59:49","guid":{"rendered":"https:\/\/aroratr.club\/arorapazari\/?page_id=371"},"modified":"2023-06-23T04:59:50","modified_gmt":"2023-06-23T01:59:50","slug":"iletisim-formu","status":"publish","type":"page","link":"https:\/\/aroratr.club\/arorapazari\/iletisim-formu\/","title":{"rendered":"\u0130leti\u015fim Formu"},"content":{"rendered":"<style id=\"wpforms-css-vars-root\">\n\t\t\t\t:root {\n\t\t\t\t\t--wpforms-field-border-radius: 3px;\n--wpforms-field-background-color: #ffffff;\n--wpforms-field-border-color: rgba( 0, 0, 0, 0.25 );\n--wpforms-field-text-color: rgba( 0, 0, 0, 0.7 );\n--wpforms-label-color: rgba( 0, 0, 0, 0.85 );\n--wpforms-label-sublabel-color: rgba( 0, 0, 0, 0.55 );\n--wpforms-label-error-color: #d63637;\n--wpforms-button-border-radius: 3px;\n--wpforms-button-background-color: #066aab;\n--wpforms-button-text-color: #ffffff;\n--wpforms-field-size-input-height: 43px;\n--wpforms-field-size-input-spacing: 15px;\n--wpforms-field-size-font-size: 16px;\n--wpforms-field-size-line-height: 19px;\n--wpforms-field-size-padding-h: 14px;\n--wpforms-field-size-checkbox-size: 16px;\n--wpforms-field-size-sublabel-spacing: 5px;\n--wpforms-field-size-icon-size: 1;\n--wpforms-label-size-font-size: 16px;\n--wpforms-label-size-line-height: 19px;\n--wpforms-label-size-sublabel-font-size: 14px;\n--wpforms-label-size-sublabel-line-height: 17px;\n--wpforms-button-size-font-size: 17px;\n--wpforms-button-size-height: 41px;\n--wpforms-button-size-padding-h: 15px;\n--wpforms-button-size-margin-top: 10px;\n\n\t\t\t\t}\n\t\t\t<\/style><div class=\"wpforms-container wpforms-container-full wpforms-block wpforms-block-6da7cd8e-06dd-41c9-bf53-541ca4d56a3a wpforms-render-modern\" id=\"wpforms-368\"><form id=\"wpforms-form-368\" class=\"wpforms-validate wpforms-form wpforms-ajax-form\" data-formid=\"368\" method=\"post\" enctype=\"multipart\/form-data\" action=\"\/arorapazari\/wp-json\/wp\/v2\/pages\/371\" data-token=\"239d7577f3b7b4bbb40d16f0dd3bcf2c\"><noscript class=\"wpforms-error-noscript\">Bu formu bitirebilmek i\u00e7in taray\u0131c\u0131n\u0131zda JavaScript&#039;i etkinle\u015ftirin.<\/noscript><div class=\"wpforms-hidden\" id=\"wpforms-error-noscript\">Bu formu bitirebilmek i\u00e7in taray\u0131c\u0131n\u0131zda JavaScript&#039;i etkinle\u015ftirin.<\/div><div class=\"wpforms-field-container\"><div id=\"wpforms-368-field_0-container\" class=\"wpforms-field wpforms-field-name\" data-field-id=\"0\"><fieldset><legend class=\"wpforms-field-label\">Ba\u011flant\u0131 Ad\u0131 Soyad\u0131 <span class=\"wpforms-required-label\" aria-hidden=\"true\">*<\/span><\/legend><div class=\"wpforms-field-row wpforms-field-medium\"><div class=\"wpforms-field-row-block wpforms-first wpforms-one-half\"><input type=\"text\" id=\"wpforms-368-field_0\" class=\"wpforms-field-name-first wpforms-field-required\" name=\"wpforms[fields][0][first]\" aria-errormessage=\"wpforms-368-field_0-error\" required><label for=\"wpforms-368-field_0\" class=\"wpforms-field-sublabel after \">Ad<\/label><\/div><div class=\"wpforms-field-row-block wpforms-one-half\"><input type=\"text\" id=\"wpforms-368-field_0-last\" class=\"wpforms-field-name-last wpforms-field-required\" name=\"wpforms[fields][0][last]\" aria-errormessage=\"wpforms-368-field_0-last-error\" required><label for=\"wpforms-368-field_0-last\" class=\"wpforms-field-sublabel after \">Soyad<\/label><\/div><\/div><\/fieldset><\/div><div id=\"wpforms-368-field_1-container\" class=\"wpforms-field wpforms-field-email\" data-field-id=\"1\"><label class=\"wpforms-field-label\" for=\"wpforms-368-field_1\">E-posta <span class=\"wpforms-required-label\" aria-hidden=\"true\">*<\/span><\/label><input type=\"email\" id=\"wpforms-368-field_1\" class=\"wpforms-field-medium wpforms-field-required\" name=\"wpforms[fields][1]\" spellcheck=\"false\" aria-errormessage=\"wpforms-368-field_1-error\" required><\/div><div id=\"wpforms-368-field_2-container\" class=\"wpforms-field wpforms-field-textarea\" data-field-id=\"2\"><label class=\"wpforms-field-label\" for=\"wpforms-368-field_2\">Yorum veya Mesaj<\/label><textarea id=\"wpforms-368-field_2\" class=\"wpforms-field-medium\" name=\"wpforms[fields][2]\" aria-errormessage=\"wpforms-368-field_2-error\" ><\/textarea><\/div><\/div><!-- .wpforms-field-container --><div class=\"wpforms-submit-container\" ><input type=\"hidden\" name=\"wpforms[id]\" value=\"368\"><input type=\"hidden\" name=\"wpforms[author]\" value=\"1\"><button type=\"submit\" name=\"wpforms[submit]\" id=\"wpforms-submit-368\" class=\"wpforms-submit\" data-alt-text=\"G\u00f6nderiliyor...\" data-submit-text=\"G\u00f6nder\" aria-live=\"assertive\" value=\"wpforms-submit\">G\u00f6nder<\/button><img decoding=\"async\" loading=\"lazy\" src=\"https:\/\/aroratr.club\/arorapazari\/wp-content\/plugins\/wpforms-lite\/assets\/images\/submit-spin.svg\" class=\"wpforms-submit-spinner\" style=\"display: none;\" width=\"26\" height=\"26\" alt=\"Y\u00fckleniyor\"><\/div><\/form><\/div>  <!-- .wpforms-container -->","protected":false},"excerpt":{"rendered":"","protected":false},"author":1,"featured_media":0,"parent":0,"menu_order":0,"comment_status":"closed","ping_status":"closed","template":"","meta":[],"yoast_head":"<!-- This site is optimized with the Yoast SEO plugin v20.10 - https:\/\/yoast.com\/wordpress\/plugins\/seo\/ -->\n<title>\u0130leti\u015fim Formu - Arora Motosiklet Pazar\u0131<\/title>\n<meta name=\"robots\" content=\"index, follow, max-snippet:-1, max-image-preview:large, max-video-preview:-1\" \/>\n<link rel=\"canonical\" href=\"https:\/\/aroratr.club\/arorapazari\/iletisim-formu\/\" \/>\n<meta property=\"og:locale\" content=\"tr_TR\" \/>\n<meta property=\"og:type\" content=\"article\" \/>\n<meta property=\"og:title\" content=\"\u0130leti\u015fim Formu - Arora Motosiklet Pazar\u0131\" \/>\n<meta property=\"og:url\" content=\"https:\/\/aroratr.club\/arorapazari\/iletisim-formu\/\" \/>\n<meta property=\"og:site_name\" content=\"Arora Motosiklet Pazar\u0131\" \/>\n<meta property=\"article:modified_time\" content=\"2023-06-23T01:59:50+00:00\" \/>\n<meta name=\"twitter:card\" content=\"summary_large_image\" \/>\n<script type=\"application\/ld+json\" class=\"yoast-schema-graph\">{\"@context\":\"https:\/\/schema.org\",\"@graph\":[{\"@type\":\"WebPage\",\"@id\":\"https:\/\/aroratr.club\/arorapazari\/iletisim-formu\/\",\"url\":\"https:\/\/aroratr.club\/arorapazari\/iletisim-formu\/\",\"name\":\"\u0130leti\u015fim Formu - Arora Motosiklet Pazar\u0131\",\"isPartOf\":{\"@id\":\"https:\/\/aroratr.club\/arorapazari\/#website\"},\"datePublished\":\"2023-06-23T01:59:49+00:00\",\"dateModified\":\"2023-06-23T01:59:50+00:00\",\"breadcrumb\":{\"@id\":\"https:\/\/aroratr.club\/arorapazari\/iletisim-formu\/#breadcrumb\"},\"inLanguage\":\"tr\",\"potentialAction\":[{\"@type\":\"ReadAction\",\"target\":[\"https:\/\/aroratr.club\/arorapazari\/iletisim-formu\/\"]}]},{\"@type\":\"BreadcrumbList\",\"@id\":\"https:\/\/aroratr.club\/arorapazari\/iletisim-formu\/#breadcrumb\",\"itemListElement\":[{\"@type\":\"ListItem\",\"position\":1,\"name\":\"Anasayfa\",\"item\":\"https:\/\/aroratr.club\/arorapazari\/\"},{\"@type\":\"ListItem\",\"position\":2,\"name\":\"\u0130leti\u015fim Formu\"}]},{\"@type\":\"WebSite\",\"@id\":\"https:\/\/aroratr.club\/arorapazari\/#website\",\"url\":\"https:\/\/aroratr.club\/arorapazari\/\",\"name\":\"Arora Motosiklet Pazar\u0131\",\"description\":\"Hayalinizdeki 2.el ve S\u0131f\u0131r Arora Motosiklete Ula\u015fman\u0131n Adresi\",\"publisher\":{\"@id\":\"https:\/\/aroratr.club\/arorapazari\/#organization\"},\"potentialAction\":[{\"@type\":\"SearchAction\",\"target\":{\"@type\":\"EntryPoint\",\"urlTemplate\":\"https:\/\/aroratr.club\/arorapazari\/?s={search_term_string}\"},\"query-input\":\"required name=search_term_string\"}],\"inLanguage\":\"tr\"},{\"@type\":\"Organization\",\"@id\":\"https:\/\/aroratr.club\/arorapazari\/#organization\",\"name\":\"Arora Motosiklet Pazar\u0131\",\"url\":\"https:\/\/aroratr.club\/arorapazari\/\",\"logo\":{\"@type\":\"ImageObject\",\"inLanguage\":\"tr\",\"@id\":\"https:\/\/aroratr.club\/arorapazari\/#\/schema\/logo\/image\/\",\"url\":\"https:\/\/aroratr.club\/arorapazari\/wp-content\/uploads\/2023\/05\/cropped-image-removebg-preview-19.png\",\"contentUrl\":\"https:\/\/aroratr.club\/arorapazari\/wp-content\/uploads\/2023\/05\/cropped-image-removebg-preview-19.png\",\"width\":404,\"height\":105,\"caption\":\"Arora Motosiklet Pazar\u0131\"},\"image\":{\"@id\":\"https:\/\/aroratr.club\/arorapazari\/#\/schema\/logo\/image\/\"}}]}<\/script>\n<!-- \/ Yoast SEO plugin. -->","yoast_head_json":{"title":"\u0130leti\u015fim Formu - Arora Motosiklet Pazar\u0131","robots":{"index":"index","follow":"follow","max-snippet":"max-snippet:-1","max-image-preview":"max-image-preview:large","max-video-preview":"max-video-preview:-1"},"canonical":"https:\/\/aroratr.club\/arorapazari\/iletisim-formu\/","og_locale":"tr_TR","og_type":"article","og_title":"\u0130leti\u015fim Formu - Arora Motosiklet Pazar\u0131","og_url":"https:\/\/aroratr.club\/arorapazari\/iletisim-formu\/","og_site_name":"Arora Motosiklet Pazar\u0131","article_modified_time":"2023-06-23T01:59:50+00:00","twitter_card":"summary_large_image","schema":{"@context":"https:\/\/schema.org","@graph":[{"@type":"WebPage","@id":"https:\/\/aroratr.club\/arorapazari\/iletisim-formu\/","url":"https:\/\/aroratr.club\/arorapazari\/iletisim-formu\/","name":"\u0130leti\u015fim Formu - Arora Motosiklet Pazar\u0131","isPartOf":{"@id":"https:\/\/aroratr.club\/arorapazari\/#website"},"datePublished":"2023-06-23T01:59:49+00:00","dateModified":"2023-06-23T01:59:50+00:00","breadcrumb":{"@id":"https:\/\/aroratr.club\/arorapazari\/iletisim-formu\/#breadcrumb"},"inLanguage":"tr","potentialAction":[{"@type":"ReadAction","target":["https:\/\/aroratr.club\/arorapazari\/iletisim-formu\/"]}]},{"@type":"BreadcrumbList","@id":"https:\/\/aroratr.club\/arorapazari\/iletisim-formu\/#breadcrumb","itemListElement":[{"@type":"ListItem","position":1,"name":"Anasayfa","item":"https:\/\/aroratr.club\/arorapazari\/"},{"@type":"ListItem","position":2,"name":"\u0130leti\u015fim Formu"}]},{"@type":"WebSite","@id":"https:\/\/aroratr.club\/arorapazari\/#website","url":"https:\/\/aroratr.club\/arorapazari\/","name":"Arora Motosiklet Pazar\u0131","description":"Hayalinizdeki 2.el ve S\u0131f\u0131r Arora Motosiklete Ula\u015fman\u0131n Adresi","publisher":{"@id":"https:\/\/aroratr.club\/arorapazari\/#organization"},"potentialAction":[{"@type":"SearchAction","target":{"@type":"EntryPoint","urlTemplate":"https:\/\/aroratr.club\/arorapazari\/?s={search_term_string}"},"query-input":"required name=search_term_string"}],"inLanguage":"tr"},{"@type":"Organization","@id":"https:\/\/aroratr.club\/arorapazari\/#organization","name":"Arora Motosiklet Pazar\u0131","url":"https:\/\/aroratr.club\/arorapazari\/","logo":{"@type":"ImageObject","inLanguage":"tr","@id":"https:\/\/aroratr.club\/arorapazari\/#\/schema\/logo\/image\/","url":"https:\/\/aroratr.club\/arorapazari\/wp-content\/uploads\/2023\/05\/cropped-image-removebg-preview-19.png","contentUrl":"https:\/\/aroratr.club\/arorapazari\/wp-content\/uploads\/2023\/05\/cropped-image-removebg-preview-19.png","width":404,"height":105,"caption":"Arora Motosiklet Pazar\u0131"},"image":{"@id":"https:\/\/aroratr.club\/arorapazari\/#\/schema\/logo\/image\/"}}]}},"_links":{"self":[{"href":"https:\/\/aroratr.club\/arorapazari\/wp-json\/wp\/v2\/pages\/371"}],"collection":[{"href":"https:\/\/aroratr.club\/arorapazari\/wp-json\/wp\/v2\/pages"}],"about":[{"href":"https:\/\/aroratr.club\/arorapazari\/wp-json\/wp\/v2\/types\/page"}],"author":[{"embeddable":true,"href":"https:\/\/aroratr.club\/arorapazari\/wp-json\/wp\/v2\/users\/1"}],"replies":[{"embeddable":true,"href":"https:\/\/aroratr.club\/arorapazari\/wp-json\/wp\/v2\/comments?post=371"}],"version-history":[{"count":1,"href":"https:\/\/aroratr.club\/arorapazari\/wp-json\/wp\/v2\/pages\/371\/revisions"}],"predecessor-version":[{"id":372,"href":"https:\/\/aroratr.club\/arorapazari\/wp-json\/wp\/v2\/pages\/371\/revisions\/372"}],"wp:attachment":[{"href":"https:\/\/aroratr.club\/arorapazari\/wp-json\/wp\/v2\/media?parent=371"}],"curies":[{"name":"wp","href":"https:\/\/api.w.org\/{rel}","templated":true}]}}