{"id":330,"date":"2023-06-23T04:26:54","date_gmt":"2023-06-23T01:26:54","guid":{"rendered":"https:\/\/aroratr.club\/arorapazari\/?page_id=330"},"modified":"2023-06-23T04:45:19","modified_gmt":"2023-06-23T01:45:19","slug":"yasal-sozlesmeler","status":"publish","type":"page","link":"https:\/\/aroratr.club\/arorapazari\/yasal-sozlesmeler\/","title":{"rendered":"Yasal S\u00f6zle\u015fmeler"},"content":{"rendered":"\t\t<div data-elementor-type=\"wp-page\" data-elementor-id=\"330\" class=\"elementor elementor-330\">\n\t\t\t\t\t\t\t\t\t<section class=\"elementor-section elementor-top-section elementor-element elementor-element-70e1dd1 elementor-section-boxed elementor-section-height-default elementor-section-height-default\" data-id=\"70e1dd1\" data-element_type=\"section\">\n\t\t\t\t\t\t<div class=\"elementor-container elementor-column-gap-default\">\n\t\t\t\t\t<div class=\"elementor-column elementor-col-100 elementor-top-column elementor-element elementor-element-9db4a6e\" data-id=\"9db4a6e\" data-element_type=\"column\">\n\t\t\t<div class=\"elementor-widget-wrap elementor-element-populated\">\n\t\t\t\t\t\t\t\t<div class=\"elementor-element elementor-element-8229bd7 elementor-widget elementor-widget-heading\" data-id=\"8229bd7\" data-element_type=\"widget\" data-widget_type=\"heading.default\">\n\t\t\t\t<div class=\"elementor-widget-container\">\n\t\t\t<style>\/*! elementor - v3.14.0 - 26-06-2023 *\/\n.elementor-heading-title{padding:0;margin:0;line-height:1}.elementor-widget-heading .elementor-heading-title[class*=elementor-size-]>a{color:inherit;font-size:inherit;line-height:inherit}.elementor-widget-heading .elementor-heading-title.elementor-size-small{font-size:15px}.elementor-widget-heading .elementor-heading-title.elementor-size-medium{font-size:19px}.elementor-widget-heading .elementor-heading-title.elementor-size-large{font-size:29px}.elementor-widget-heading .elementor-heading-title.elementor-size-xl{font-size:39px}.elementor-widget-heading .elementor-heading-title.elementor-size-xxl{font-size:59px}<\/style><h2 class=\"elementor-heading-title elementor-size-default\">Yasal S\u00f6zle\u015fmeler<\/h2>\t\t<\/div>\n\t\t\t\t<\/div>\n\t\t\t\t\t<\/div>\n\t\t<\/div>\n\t\t\t\t\t\t\t<\/div>\n\t\t<\/section>\n\t\t\t\t<section class=\"elementor-section elementor-top-section elementor-element elementor-element-67e5f47 elementor-section-boxed elementor-section-height-default elementor-section-height-default\" data-id=\"67e5f47\" data-element_type=\"section\">\n\t\t\t\t\t\t<div class=\"elementor-container elementor-column-gap-default\">\n\t\t\t\t\t<div class=\"elementor-column elementor-col-16 elementor-top-column elementor-element elementor-element-cf360e1\" data-id=\"cf360e1\" data-element_type=\"column\">\n\t\t\t<div class=\"elementor-widget-wrap elementor-element-populated\">\n\t\t\t\t\t\t\t\t<div class=\"elementor-element elementor-element-098f95a elementor-widget elementor-widget-button\" data-id=\"098f95a\" data-element_type=\"widget\" data-widget_type=\"button.default\">\n\t\t\t\t<div class=\"elementor-widget-container\">\n\t\t\t\t\t<div class=\"elementor-button-wrapper\">\n\t\t\t<a class=\"elementor-button elementor-button-link elementor-size-sm\" href=\"https:\/\/aroratr.club\/arorapazari\/kullanim-kosullari\/\">\n\t\t\t\t\t\t<span class=\"elementor-button-content-wrapper\">\n\t\t\t\t\t\t<span class=\"elementor-button-text\">Kullan\u0131m Ko\u015fullar\u0131<\/span>\n\t\t<\/span>\n\t\t\t\t\t<\/a>\n\t\t<\/div>\n\t\t\t\t<\/div>\n\t\t\t\t<\/div>\n\t\t\t\t\t<\/div>\n\t\t<\/div>\n\t\t\t\t<div class=\"elementor-column elementor-col-16 elementor-top-column elementor-element elementor-element-a2bad7b\" data-id=\"a2bad7b\" data-element_type=\"column\">\n\t\t\t<div class=\"elementor-widget-wrap elementor-element-populated\">\n\t\t\t\t\t\t\t\t<div class=\"elementor-element elementor-element-9a3503a elementor-widget elementor-widget-button\" data-id=\"9a3503a\" data-element_type=\"widget\" data-widget_type=\"button.default\">\n\t\t\t\t<div class=\"elementor-widget-container\">\n\t\t\t\t\t<div class=\"elementor-button-wrapper\">\n\t\t\t<a class=\"elementor-button elementor-button-link elementor-size-sm\" href=\"https:\/\/aroratr.club\/arorapazari\/kayit-kosullari\/\">\n\t\t\t\t\t\t<span class=\"elementor-button-content-wrapper\">\n\t\t\t\t\t\t<span class=\"elementor-button-text\">Kay\u0131t Ko\u015fullar\u0131 S\u00f6zle\u015fmesi<\/span>\n\t\t<\/span>\n\t\t\t\t\t<\/a>\n\t\t<\/div>\n\t\t\t\t<\/div>\n\t\t\t\t<\/div>\n\t\t\t\t<div class=\"elementor-element elementor-element-8e7661e elementor-widget elementor-widget-button\" data-id=\"8e7661e\" data-element_type=\"widget\" data-widget_type=\"button.default\">\n\t\t\t\t<div class=\"elementor-widget-container\">\n\t\t\t\t\t<div class=\"elementor-button-wrapper\">\n\t\t\t<a class=\"elementor-button elementor-button-link elementor-size-sm\" href=\"https:\/\/aroratr.club\/arorapazari\/uyelik-sozlesmesi\/\">\n\t\t\t\t\t\t<span class=\"elementor-button-content-wrapper\">\n\t\t\t\t\t\t<span class=\"elementor-button-text\">\u00dcyelik S\u00f6zle\u015fmesi<\/span>\n\t\t<\/span>\n\t\t\t\t\t<\/a>\n\t\t<\/div>\n\t\t\t\t<\/div>\n\t\t\t\t<\/div>\n\t\t\t\t\t<\/div>\n\t\t<\/div>\n\t\t\t\t<div class=\"elementor-column elementor-col-16 elementor-top-column elementor-element elementor-element-0ec2e19\" data-id=\"0ec2e19\" data-element_type=\"column\">\n\t\t\t<div class=\"elementor-widget-wrap elementor-element-populated\">\n\t\t\t\t\t\t\t\t<div class=\"elementor-element elementor-element-6b09166 elementor-widget elementor-widget-button\" data-id=\"6b09166\" data-element_type=\"widget\" data-widget_type=\"button.default\">\n\t\t\t\t<div class=\"elementor-widget-container\">\n\t\t\t\t\t<div class=\"elementor-button-wrapper\">\n\t\t\t<a class=\"elementor-button elementor-button-link elementor-size-sm\" href=\"https:\/\/aroratr.club\/arorapazari\/ilan-gonderme-sozlesmesi\/\">\n\t\t\t\t\t\t<span class=\"elementor-button-content-wrapper\">\n\t\t\t\t\t\t<span class=\"elementor-button-text\">\u0130lan G\u00f6nderme S\u00f6zle\u015fmesi<\/span>\n\t\t<\/span>\n\t\t\t\t\t<\/a>\n\t\t<\/div>\n\t\t\t\t<\/div>\n\t\t\t\t<\/div>\n\t\t\t\t\t<\/div>\n\t\t<\/div>\n\t\t\t\t<div class=\"elementor-column elementor-col-16 elementor-top-column elementor-element elementor-element-355886d\" data-id=\"355886d\" data-element_type=\"column\">\n\t\t\t<div class=\"elementor-widget-wrap elementor-element-populated\">\n\t\t\t\t\t\t\t\t<div class=\"elementor-element elementor-element-d3383f8 elementor-widget elementor-widget-button\" data-id=\"d3383f8\" data-element_type=\"widget\" data-widget_type=\"button.default\">\n\t\t\t\t<div class=\"elementor-widget-container\">\n\t\t\t\t\t<div class=\"elementor-button-wrapper\">\n\t\t\t<a class=\"elementor-button elementor-button-link elementor-size-sm\" href=\"https:\/\/aroratr.club\/arorapazari\/sorumluluk-reddi-sozlesmesi\/\">\n\t\t\t\t\t\t<span class=\"elementor-button-content-wrapper\">\n\t\t\t\t\t\t<span class=\"elementor-button-text\">Soruml\u0131l\u0131k Reddi Beyan\u0131<\/span>\n\t\t<\/span>\n\t\t\t\t\t<\/a>\n\t\t<\/div>\n\t\t\t\t<\/div>\n\t\t\t\t<\/div>\n\t\t\t\t\t<\/div>\n\t\t<\/div>\n\t\t\t\t<div class=\"elementor-column elementor-col-16 elementor-top-column elementor-element elementor-element-8005b45\" data-id=\"8005b45\" data-element_type=\"column\">\n\t\t\t<div class=\"elementor-widget-wrap elementor-element-populated\">\n\t\t\t\t\t\t\t\t<div class=\"elementor-element elementor-element-eda02a4 elementor-widget elementor-widget-button\" data-id=\"eda02a4\" data-element_type=\"widget\" data-widget_type=\"button.default\">\n\t\t\t\t<div class=\"elementor-widget-container\">\n\t\t\t\t\t<div class=\"elementor-button-wrapper\">\n\t\t\t<a class=\"elementor-button elementor-button-link elementor-size-sm\" href=\"https:\/\/aroratr.club\/arorapazari\/satis-sozlesmesi\/\">\n\t\t\t\t\t\t<span class=\"elementor-button-content-wrapper\">\n\t\t\t\t\t\t<span class=\"elementor-button-text\">Sat\u0131\u015f S\u00f6zle\u015fmesi<\/span>\n\t\t<\/span>\n\t\t\t\t\t<\/a>\n\t\t<\/div>\n\t\t\t\t<\/div>\n\t\t\t\t<\/div>\n\t\t\t\t\t<\/div>\n\t\t<\/div>\n\t\t\t\t<div class=\"elementor-column elementor-col-16 elementor-top-column elementor-element elementor-element-ac502db\" data-id=\"ac502db\" data-element_type=\"column\">\n\t\t\t<div class=\"elementor-widget-wrap elementor-element-populated\">\n\t\t\t\t\t\t\t\t<div class=\"elementor-element elementor-element-765404b elementor-widget elementor-widget-button\" data-id=\"765404b\" data-element_type=\"widget\" data-widget_type=\"button.default\">\n\t\t\t\t<div class=\"elementor-widget-container\">\n\t\t\t\t\t<div class=\"elementor-button-wrapper\">\n\t\t\t<a class=\"elementor-button elementor-button-link elementor-size-sm\" href=\"https:\/\/aroratr.club\/arorapazari\/gizlilik-politikasi-2\/\">\n\t\t\t\t\t\t<span class=\"elementor-button-content-wrapper\">\n\t\t\t\t\t\t<span class=\"elementor-button-text\">Gizlilik Politikas\u0131<\/span>\n\t\t<\/span>\n\t\t\t\t\t<\/a>\n\t\t<\/div>\n\t\t\t\t<\/div>\n\t\t\t\t<\/div>\n\t\t\t\t\t<\/div>\n\t\t<\/div>\n\t\t\t\t\t\t\t<\/div>\n\t\t<\/section>\n\t\t\t\t<section class=\"elementor-section elementor-top-section elementor-element elementor-element-bcca64d elementor-section-boxed elementor-section-height-default elementor-section-height-default\" data-id=\"bcca64d\" data-element_type=\"section\">\n\t\t\t\t\t\t<div class=\"elementor-container elementor-column-gap-default\">\n\t\t\t\t\t<div class=\"elementor-column elementor-col-100 elementor-top-column elementor-element elementor-element-6dc9593\" data-id=\"6dc9593\" data-element_type=\"column\">\n\t\t\t<div class=\"elementor-widget-wrap elementor-element-populated\">\n\t\t\t\t\t\t\t\t<div class=\"elementor-element elementor-element-3f89925 elementor-widget elementor-widget-text-editor\" data-id=\"3f89925\" data-element_type=\"widget\" data-widget_type=\"text-editor.default\">\n\t\t\t\t<div class=\"elementor-widget-container\">\n\t\t\t<style>\/*! elementor - v3.14.0 - 26-06-2023 *\/\n.elementor-widget-text-editor.elementor-drop-cap-view-stacked .elementor-drop-cap{background-color:#69727d;color:#fff}.elementor-widget-text-editor.elementor-drop-cap-view-framed .elementor-drop-cap{color:#69727d;border:3px solid;background-color:transparent}.elementor-widget-text-editor:not(.elementor-drop-cap-view-default) .elementor-drop-cap{margin-top:8px}.elementor-widget-text-editor:not(.elementor-drop-cap-view-default) .elementor-drop-cap-letter{width:1em;height:1em}.elementor-widget-text-editor .elementor-drop-cap{float:left;text-align:center;line-height:1;font-size:50px}.elementor-widget-text-editor .elementor-drop-cap-letter{display:inline-block}<\/style>\t\t\t\t<p>*Not: Bu Siteyi Kullanarak Yukar\u0131daki S\u00f6zle\u015fmeleri Kabul Etmi\u015f Say\u0131l\u0131rs\u0131n\u0131z. Arora Pazar\u0131 ve Arora TR Club&#8217;\u0131n bu sitede hi\u00e7bir sorumlulu\u011fu yoktur.<\/p>\t\t\t\t\t\t<\/div>\n\t\t\t\t<\/div>\n\t\t\t\t<div class=\"elementor-element elementor-element-9453ae3 elementor-widget elementor-widget-image\" data-id=\"9453ae3\" data-element_type=\"widget\" data-widget_type=\"image.default\">\n\t\t\t\t<div class=\"elementor-widget-container\">\n\t\t\t<style>\/*! elementor - v3.14.0 - 26-06-2023 *\/\n.elementor-widget-image{text-align:center}.elementor-widget-image a{display:inline-block}.elementor-widget-image a img[src$=\".svg\"]{width:48px}.elementor-widget-image img{vertical-align:middle;display:inline-block}<\/style>\t\t\t\t\t\t\t\t\t\t\t\t<img decoding=\"async\" width=\"614\" height=\"406\" src=\"https:\/\/aroratr.club\/arorapazari\/wp-content\/uploads\/2023\/05\/image-removebg-preview-18.png\" class=\"attachment-large size-large wp-image-159\" alt=\"\" loading=\"lazy\" srcset=\"https:\/\/aroratr.club\/arorapazari\/wp-content\/uploads\/2023\/05\/image-removebg-preview-18.png 614w, https:\/\/aroratr.club\/arorapazari\/wp-content\/uploads\/2023\/05\/image-removebg-preview-18-300x198.png 300w, https:\/\/aroratr.club\/arorapazari\/wp-content\/uploads\/2023\/05\/image-removebg-preview-18-600x397.png 600w\" sizes=\"(max-width: 614px) 100vw, 614px\" \/>\t\t\t\t\t\t\t\t\t\t\t\t\t\t\t<\/div>\n\t\t\t\t<\/div>\n\t\t\t\t\t<\/div>\n\t\t<\/div>\n\t\t\t\t\t\t\t<\/div>\n\t\t<\/section>\n\t\t\t\t\t\t\t<\/div>\n\t\t","protected":false},"excerpt":{"rendered":"<p>Yasal S\u00f6zle\u015fmeler Kullan\u0131m Ko\u015fullar\u0131 Kay\u0131t Ko\u015fullar\u0131 S\u00f6zle\u015fmesi \u00dcyelik S\u00f6zle\u015fmesi \u0130lan G\u00f6nderme S\u00f6zle\u015fmesi Soruml\u0131l\u0131k Reddi Beyan\u0131 Sat\u0131\u015f S\u00f6zle\u015fmesi Gizlilik Politikas\u0131 *Not: Bu Siteyi Kullanarak Yukar\u0131daki S\u00f6zle\u015fmeleri Kabul Etmi\u015f Say\u0131l\u0131rs\u0131n\u0131z. Arora Pazar\u0131 ve Arora TR Club&#8217;\u0131n bu sitede hi\u00e7bir sorumlulu\u011fu yoktur.<\/p>\n","protected":false},"author":1,"featured_media":0,"parent":0,"menu_order":0,"comment_status":"closed","ping_status":"closed","template":"","meta":[],"yoast_head":"<!-- This site is optimized with the Yoast SEO plugin v20.10 - https:\/\/yoast.com\/wordpress\/plugins\/seo\/ -->\n<title>Yasal S\u00f6zle\u015fmeler - Arora Motosiklet Pazar\u0131<\/title>\n<meta name=\"robots\" content=\"index, follow, max-snippet:-1, max-image-preview:large, max-video-preview:-1\" \/>\n<link rel=\"canonical\" href=\"https:\/\/aroratr.club\/arorapazari\/yasal-sozlesmeler\/\" \/>\n<meta property=\"og:locale\" content=\"tr_TR\" \/>\n<meta property=\"og:type\" content=\"article\" \/>\n<meta property=\"og:title\" content=\"Yasal S\u00f6zle\u015fmeler - Arora Motosiklet Pazar\u0131\" \/>\n<meta property=\"og:description\" content=\"Yasal S\u00f6zle\u015fmeler Kullan\u0131m Ko\u015fullar\u0131 Kay\u0131t Ko\u015fullar\u0131 S\u00f6zle\u015fmesi \u00dcyelik S\u00f6zle\u015fmesi \u0130lan G\u00f6nderme S\u00f6zle\u015fmesi Soruml\u0131l\u0131k Reddi Beyan\u0131 Sat\u0131\u015f S\u00f6zle\u015fmesi Gizlilik Politikas\u0131 *Not: Bu Siteyi Kullanarak Yukar\u0131daki S\u00f6zle\u015fmeleri Kabul Etmi\u015f Say\u0131l\u0131rs\u0131n\u0131z. Arora Pazar\u0131 ve Arora TR Club&#8217;\u0131n bu sitede hi\u00e7bir sorumlulu\u011fu yoktur.\" \/>\n<meta property=\"og:url\" content=\"https:\/\/aroratr.club\/arorapazari\/yasal-sozlesmeler\/\" \/>\n<meta property=\"og:site_name\" content=\"Arora Motosiklet Pazar\u0131\" \/>\n<meta property=\"article:modified_time\" content=\"2023-06-23T01:45:19+00:00\" \/>\n<meta property=\"og:image\" content=\"https:\/\/aroratr.club\/arorapazari\/wp-content\/uploads\/2023\/05\/image-removebg-preview-18.png\" \/>\n<meta name=\"twitter:card\" content=\"summary_large_image\" \/>\n<meta name=\"twitter:label1\" content=\"Tahmini okuma s\u00fcresi\" \/>\n\t<meta name=\"twitter:data1\" content=\"1 dakika\" \/>\n<script type=\"application\/ld+json\" class=\"yoast-schema-graph\">{\"@context\":\"https:\/\/schema.org\",\"@graph\":[{\"@type\":\"WebPage\",\"@id\":\"https:\/\/aroratr.club\/arorapazari\/yasal-sozlesmeler\/\",\"url\":\"https:\/\/aroratr.club\/arorapazari\/yasal-sozlesmeler\/\",\"name\":\"Yasal S\u00f6zle\u015fmeler - Arora Motosiklet Pazar\u0131\",\"isPartOf\":{\"@id\":\"https:\/\/aroratr.club\/arorapazari\/#website\"},\"datePublished\":\"2023-06-23T01:26:54+00:00\",\"dateModified\":\"2023-06-23T01:45:19+00:00\",\"breadcrumb\":{\"@id\":\"https:\/\/aroratr.club\/arorapazari\/yasal-sozlesmeler\/#breadcrumb\"},\"inLanguage\":\"tr\",\"potentialAction\":[{\"@type\":\"ReadAction\",\"target\":[\"https:\/\/aroratr.club\/arorapazari\/yasal-sozlesmeler\/\"]}]},{\"@type\":\"BreadcrumbList\",\"@id\":\"https:\/\/aroratr.club\/arorapazari\/yasal-sozlesmeler\/#breadcrumb\",\"itemListElement\":[{\"@type\":\"ListItem\",\"position\":1,\"name\":\"Anasayfa\",\"item\":\"https:\/\/aroratr.club\/arorapazari\/\"},{\"@type\":\"ListItem\",\"position\":2,\"name\":\"Yasal S\u00f6zle\u015fmeler\"}]},{\"@type\":\"WebSite\",\"@id\":\"https:\/\/aroratr.club\/arorapazari\/#website\",\"url\":\"https:\/\/aroratr.club\/arorapazari\/\",\"name\":\"Arora Motosiklet Pazar\u0131\",\"description\":\"Hayalinizdeki 2.el ve S\u0131f\u0131r Arora Motosiklete Ula\u015fman\u0131n Adresi\",\"publisher\":{\"@id\":\"https:\/\/aroratr.club\/arorapazari\/#organization\"},\"potentialAction\":[{\"@type\":\"SearchAction\",\"target\":{\"@type\":\"EntryPoint\",\"urlTemplate\":\"https:\/\/aroratr.club\/arorapazari\/?s={search_term_string}\"},\"query-input\":\"required name=search_term_string\"}],\"inLanguage\":\"tr\"},{\"@type\":\"Organization\",\"@id\":\"https:\/\/aroratr.club\/arorapazari\/#organization\",\"name\":\"Arora Motosiklet Pazar\u0131\",\"url\":\"https:\/\/aroratr.club\/arorapazari\/\",\"logo\":{\"@type\":\"ImageObject\",\"inLanguage\":\"tr\",\"@id\":\"https:\/\/aroratr.club\/arorapazari\/#\/schema\/logo\/image\/\",\"url\":\"https:\/\/aroratr.club\/arorapazari\/wp-content\/uploads\/2023\/05\/cropped-image-removebg-preview-19.png\",\"contentUrl\":\"https:\/\/aroratr.club\/arorapazari\/wp-content\/uploads\/2023\/05\/cropped-image-removebg-preview-19.png\",\"width\":404,\"height\":105,\"caption\":\"Arora Motosiklet Pazar\u0131\"},\"image\":{\"@id\":\"https:\/\/aroratr.club\/arorapazari\/#\/schema\/logo\/image\/\"}}]}<\/script>\n<!-- \/ Yoast SEO plugin. -->","yoast_head_json":{"title":"Yasal S\u00f6zle\u015fmeler - Arora Motosiklet Pazar\u0131","robots":{"index":"index","follow":"follow","max-snippet":"max-snippet:-1","max-image-preview":"max-image-preview:large","max-video-preview":"max-video-preview:-1"},"canonical":"https:\/\/aroratr.club\/arorapazari\/yasal-sozlesmeler\/","og_locale":"tr_TR","og_type":"article","og_title":"Yasal S\u00f6zle\u015fmeler - Arora Motosiklet Pazar\u0131","og_description":"Yasal S\u00f6zle\u015fmeler Kullan\u0131m Ko\u015fullar\u0131 Kay\u0131t Ko\u015fullar\u0131 S\u00f6zle\u015fmesi \u00dcyelik S\u00f6zle\u015fmesi \u0130lan G\u00f6nderme S\u00f6zle\u015fmesi Soruml\u0131l\u0131k Reddi Beyan\u0131 Sat\u0131\u015f S\u00f6zle\u015fmesi Gizlilik Politikas\u0131 *Not: Bu Siteyi Kullanarak Yukar\u0131daki S\u00f6zle\u015fmeleri Kabul Etmi\u015f Say\u0131l\u0131rs\u0131n\u0131z. Arora Pazar\u0131 ve Arora TR Club&#8217;\u0131n bu sitede hi\u00e7bir sorumlulu\u011fu yoktur.","og_url":"https:\/\/aroratr.club\/arorapazari\/yasal-sozlesmeler\/","og_site_name":"Arora Motosiklet Pazar\u0131","article_modified_time":"2023-06-23T01:45:19+00:00","og_image":[{"url":"https:\/\/aroratr.club\/arorapazari\/wp-content\/uploads\/2023\/05\/image-removebg-preview-18.png"}],"twitter_card":"summary_large_image","twitter_misc":{"Tahmini okuma s\u00fcresi":"1 dakika"},"schema":{"@context":"https:\/\/schema.org","@graph":[{"@type":"WebPage","@id":"https:\/\/aroratr.club\/arorapazari\/yasal-sozlesmeler\/","url":"https:\/\/aroratr.club\/arorapazari\/yasal-sozlesmeler\/","name":"Yasal S\u00f6zle\u015fmeler - Arora Motosiklet Pazar\u0131","isPartOf":{"@id":"https:\/\/aroratr.club\/arorapazari\/#website"},"datePublished":"2023-06-23T01:26:54+00:00","dateModified":"2023-06-23T01:45:19+00:00","breadcrumb":{"@id":"https:\/\/aroratr.club\/arorapazari\/yasal-sozlesmeler\/#breadcrumb"},"inLanguage":"tr","potentialAction":[{"@type":"ReadAction","target":["https:\/\/aroratr.club\/arorapazari\/yasal-sozlesmeler\/"]}]},{"@type":"BreadcrumbList","@id":"https:\/\/aroratr.club\/arorapazari\/yasal-sozlesmeler\/#breadcrumb","itemListElement":[{"@type":"ListItem","position":1,"name":"Anasayfa","item":"https:\/\/aroratr.club\/arorapazari\/"},{"@type":"ListItem","position":2,"name":"Yasal S\u00f6zle\u015fmeler"}]},{"@type":"WebSite","@id":"https:\/\/aroratr.club\/arorapazari\/#website","url":"https:\/\/aroratr.club\/arorapazari\/","name":"Arora Motosiklet Pazar\u0131","description":"Hayalinizdeki 2.el ve S\u0131f\u0131r Arora Motosiklete Ula\u015fman\u0131n Adresi","publisher":{"@id":"https:\/\/aroratr.club\/arorapazari\/#organization"},"potentialAction":[{"@type":"SearchAction","target":{"@type":"EntryPoint","urlTemplate":"https:\/\/aroratr.club\/arorapazari\/?s={search_term_string}"},"query-input":"required name=search_term_string"}],"inLanguage":"tr"},{"@type":"Organization","@id":"https:\/\/aroratr.club\/arorapazari\/#organization","name":"Arora Motosiklet Pazar\u0131","url":"https:\/\/aroratr.club\/arorapazari\/","logo":{"@type":"ImageObject","inLanguage":"tr","@id":"https:\/\/aroratr.club\/arorapazari\/#\/schema\/logo\/image\/","url":"https:\/\/aroratr.club\/arorapazari\/wp-content\/uploads\/2023\/05\/cropped-image-removebg-preview-19.png","contentUrl":"https:\/\/aroratr.club\/arorapazari\/wp-content\/uploads\/2023\/05\/cropped-image-removebg-preview-19.png","width":404,"height":105,"caption":"Arora Motosiklet Pazar\u0131"},"image":{"@id":"https:\/\/aroratr.club\/arorapazari\/#\/schema\/logo\/image\/"}}]}},"_links":{"self":[{"href":"https:\/\/aroratr.club\/arorapazari\/wp-json\/wp\/v2\/pages\/330"}],"collection":[{"href":"https:\/\/aroratr.club\/arorapazari\/wp-json\/wp\/v2\/pages"}],"about":[{"href":"https:\/\/aroratr.club\/arorapazari\/wp-json\/wp\/v2\/types\/page"}],"author":[{"embeddable":true,"href":"https:\/\/aroratr.club\/arorapazari\/wp-json\/wp\/v2\/users\/1"}],"replies":[{"embeddable":true,"href":"https:\/\/aroratr.club\/arorapazari\/wp-json\/wp\/v2\/comments?post=330"}],"version-history":[{"count":35,"href":"https:\/\/aroratr.club\/arorapazari\/wp-json\/wp\/v2\/pages\/330\/revisions"}],"predecessor-version":[{"id":367,"href":"https:\/\/aroratr.club\/arorapazari\/wp-json\/wp\/v2\/pages\/330\/revisions\/367"}],"wp:attachment":[{"href":"https:\/\/aroratr.club\/arorapazari\/wp-json\/wp\/v2\/media?parent=330"}],"curies":[{"name":"wp","href":"https:\/\/api.w.org\/{rel}","templated":true}]}}