{"id":12,"date":"2023-05-26T06:26:54","date_gmt":"2023-05-26T03:26:54","guid":{"rendered":"https:\/\/aroratr.club\/arorapazari\/?page_id=12"},"modified":"2023-05-29T06:52:27","modified_gmt":"2023-05-29T03:52:27","slug":"ilanlar","status":"publish","type":"page","link":"https:\/\/aroratr.club\/arorapazari\/ilanlar\/","title":{"rendered":"S\u0131f\u0131r ve \u0130kinci El Arora \u0130lanlar\u0131"},"content":{"rendered":"","protected":false},"excerpt":{"rendered":"","protected":false},"author":1,"featured_media":0,"parent":0,"menu_order":0,"comment_status":"closed","ping_status":"closed","template":"","meta":[],"yoast_head":"<!-- This site is optimized with the Yoast SEO plugin v20.10 - https:\/\/yoast.com\/wordpress\/plugins\/seo\/ -->\n<title>S\u0131f\u0131r ve \u0130kinci El Arora \u0130lanlar\u0131 - Arora Motosiklet Pazar\u0131<\/title>\n<meta name=\"description\" content=\"Arora Pazar\u0131, ikinci el ve s\u0131f\u0131r Arora motosiklet ilanlar\u0131n\u0131n bulundu\u011fu bir platformdur. Geni\u015f bir motosiklet se\u00e7ene\u011fi sunan sitemizde Arora markas\u0131na ait ilanlar bulunmaktad\u0131r. Siz de uygun fiyatlarla Arora motosikletlere sahip olmak veya satmak i\u00e7in sitemizi ziyaret edin.\" \/>\n<meta name=\"robots\" content=\"index, follow, max-snippet:-1, max-image-preview:large, max-video-preview:-1\" \/>\n<link rel=\"canonical\" href=\"https:\/\/aroratr.club\/arorapazari\/ilanlar\/\" \/>\n<meta property=\"og:locale\" content=\"tr_TR\" \/>\n<meta property=\"og:type\" content=\"article\" \/>\n<meta property=\"og:title\" content=\"S\u0131f\u0131r ve \u0130kinci El Arora \u0130lanlar\u0131 - Arora Motosiklet Pazar\u0131\" \/>\n<meta property=\"og:description\" content=\"Arora Pazar\u0131, ikinci el ve s\u0131f\u0131r Arora motosiklet ilanlar\u0131n\u0131n bulundu\u011fu bir platformdur. Geni\u015f bir motosiklet se\u00e7ene\u011fi sunan sitemizde Arora markas\u0131na ait ilanlar bulunmaktad\u0131r. Siz de uygun fiyatlarla Arora motosikletlere sahip olmak veya satmak i\u00e7in sitemizi ziyaret edin.\" \/>\n<meta property=\"og:url\" content=\"https:\/\/aroratr.club\/arorapazari\/ilanlar\/\" \/>\n<meta property=\"og:site_name\" content=\"Arora Motosiklet Pazar\u0131\" \/>\n<meta property=\"article:modified_time\" content=\"2023-05-29T03:52:27+00:00\" \/>\n<meta name=\"twitter:card\" content=\"summary_large_image\" \/>\n<script type=\"application\/ld+json\" class=\"yoast-schema-graph\">{\"@context\":\"https:\/\/schema.org\",\"@graph\":[{\"@type\":\"WebPage\",\"@id\":\"https:\/\/aroratr.club\/arorapazari\/ilanlar\/\",\"url\":\"https:\/\/aroratr.club\/arorapazari\/ilanlar\/\",\"name\":\"S\u0131f\u0131r ve \u0130kinci El Arora \u0130lanlar\u0131 - Arora Motosiklet Pazar\u0131\",\"isPartOf\":{\"@id\":\"https:\/\/aroratr.club\/arorapazari\/#website\"},\"datePublished\":\"2023-05-26T03:26:54+00:00\",\"dateModified\":\"2023-05-29T03:52:27+00:00\",\"description\":\"Arora Pazar\u0131, ikinci el ve s\u0131f\u0131r Arora motosiklet ilanlar\u0131n\u0131n bulundu\u011fu bir platformdur. Geni\u015f bir motosiklet se\u00e7ene\u011fi sunan sitemizde Arora markas\u0131na ait ilanlar bulunmaktad\u0131r. Siz de uygun fiyatlarla Arora motosikletlere sahip olmak veya satmak i\u00e7in sitemizi ziyaret edin.\",\"breadcrumb\":{\"@id\":\"https:\/\/aroratr.club\/arorapazari\/ilanlar\/#breadcrumb\"},\"inLanguage\":\"tr\",\"potentialAction\":[{\"@type\":\"ReadAction\",\"target\":[\"https:\/\/aroratr.club\/arorapazari\/ilanlar\/\"]}]},{\"@type\":\"BreadcrumbList\",\"@id\":\"https:\/\/aroratr.club\/arorapazari\/ilanlar\/#breadcrumb\",\"itemListElement\":[{\"@type\":\"ListItem\",\"position\":1,\"name\":\"Anasayfa\",\"item\":\"https:\/\/aroratr.club\/arorapazari\/\"},{\"@type\":\"ListItem\",\"position\":2,\"name\":\"S\u0131f\u0131r ve \u0130kinci El Arora \u0130lanlar\u0131\"}]},{\"@type\":\"WebSite\",\"@id\":\"https:\/\/aroratr.club\/arorapazari\/#website\",\"url\":\"https:\/\/aroratr.club\/arorapazari\/\",\"name\":\"Arora Motosiklet Pazar\u0131\",\"description\":\"Hayalinizdeki 2.el ve S\u0131f\u0131r Arora Motosiklete Ula\u015fman\u0131n Adresi\",\"publisher\":{\"@id\":\"https:\/\/aroratr.club\/arorapazari\/#organization\"},\"potentialAction\":[{\"@type\":\"SearchAction\",\"target\":{\"@type\":\"EntryPoint\",\"urlTemplate\":\"https:\/\/aroratr.club\/arorapazari\/?s={search_term_string}\"},\"query-input\":\"required name=search_term_string\"}],\"inLanguage\":\"tr\"},{\"@type\":\"Organization\",\"@id\":\"https:\/\/aroratr.club\/arorapazari\/#organization\",\"name\":\"Arora Motosiklet Pazar\u0131\",\"url\":\"https:\/\/aroratr.club\/arorapazari\/\",\"logo\":{\"@type\":\"ImageObject\",\"inLanguage\":\"tr\",\"@id\":\"https:\/\/aroratr.club\/arorapazari\/#\/schema\/logo\/image\/\",\"url\":\"https:\/\/aroratr.club\/arorapazari\/wp-content\/uploads\/2023\/05\/cropped-image-removebg-preview-19.png\",\"contentUrl\":\"https:\/\/aroratr.club\/arorapazari\/wp-content\/uploads\/2023\/05\/cropped-image-removebg-preview-19.png\",\"width\":404,\"height\":105,\"caption\":\"Arora Motosiklet Pazar\u0131\"},\"image\":{\"@id\":\"https:\/\/aroratr.club\/arorapazari\/#\/schema\/logo\/image\/\"}}]}<\/script>\n<!-- \/ Yoast SEO plugin. -->","yoast_head_json":{"title":"S\u0131f\u0131r ve \u0130kinci El Arora \u0130lanlar\u0131 - Arora Motosiklet Pazar\u0131","description":"Arora Pazar\u0131, ikinci el ve s\u0131f\u0131r Arora motosiklet ilanlar\u0131n\u0131n bulundu\u011fu bir platformdur. Geni\u015f bir motosiklet se\u00e7ene\u011fi sunan sitemizde Arora markas\u0131na ait ilanlar bulunmaktad\u0131r. Siz de uygun fiyatlarla Arora motosikletlere sahip olmak veya satmak i\u00e7in sitemizi ziyaret edin.","robots":{"index":"index","follow":"follow","max-snippet":"max-snippet:-1","max-image-preview":"max-image-preview:large","max-video-preview":"max-video-preview:-1"},"canonical":"https:\/\/aroratr.club\/arorapazari\/ilanlar\/","og_locale":"tr_TR","og_type":"article","og_title":"S\u0131f\u0131r ve \u0130kinci El Arora \u0130lanlar\u0131 - Arora Motosiklet Pazar\u0131","og_description":"Arora Pazar\u0131, ikinci el ve s\u0131f\u0131r Arora motosiklet ilanlar\u0131n\u0131n bulundu\u011fu bir platformdur. Geni\u015f bir motosiklet se\u00e7ene\u011fi sunan sitemizde Arora markas\u0131na ait ilanlar bulunmaktad\u0131r. Siz de uygun fiyatlarla Arora motosikletlere sahip olmak veya satmak i\u00e7in sitemizi ziyaret edin.","og_url":"https:\/\/aroratr.club\/arorapazari\/ilanlar\/","og_site_name":"Arora Motosiklet Pazar\u0131","article_modified_time":"2023-05-29T03:52:27+00:00","twitter_card":"summary_large_image","schema":{"@context":"https:\/\/schema.org","@graph":[{"@type":"WebPage","@id":"https:\/\/aroratr.club\/arorapazari\/ilanlar\/","url":"https:\/\/aroratr.club\/arorapazari\/ilanlar\/","name":"S\u0131f\u0131r ve \u0130kinci El Arora \u0130lanlar\u0131 - Arora Motosiklet Pazar\u0131","isPartOf":{"@id":"https:\/\/aroratr.club\/arorapazari\/#website"},"datePublished":"2023-05-26T03:26:54+00:00","dateModified":"2023-05-29T03:52:27+00:00","description":"Arora Pazar\u0131, ikinci el ve s\u0131f\u0131r Arora motosiklet ilanlar\u0131n\u0131n bulundu\u011fu bir platformdur. Geni\u015f bir motosiklet se\u00e7ene\u011fi sunan sitemizde Arora markas\u0131na ait ilanlar bulunmaktad\u0131r. Siz de uygun fiyatlarla Arora motosikletlere sahip olmak veya satmak i\u00e7in sitemizi ziyaret edin.","breadcrumb":{"@id":"https:\/\/aroratr.club\/arorapazari\/ilanlar\/#breadcrumb"},"inLanguage":"tr","potentialAction":[{"@type":"ReadAction","target":["https:\/\/aroratr.club\/arorapazari\/ilanlar\/"]}]},{"@type":"BreadcrumbList","@id":"https:\/\/aroratr.club\/arorapazari\/ilanlar\/#breadcrumb","itemListElement":[{"@type":"ListItem","position":1,"name":"Anasayfa","item":"https:\/\/aroratr.club\/arorapazari\/"},{"@type":"ListItem","position":2,"name":"S\u0131f\u0131r ve \u0130kinci El Arora \u0130lanlar\u0131"}]},{"@type":"WebSite","@id":"https:\/\/aroratr.club\/arorapazari\/#website","url":"https:\/\/aroratr.club\/arorapazari\/","name":"Arora Motosiklet Pazar\u0131","description":"Hayalinizdeki 2.el ve S\u0131f\u0131r Arora Motosiklete Ula\u015fman\u0131n Adresi","publisher":{"@id":"https:\/\/aroratr.club\/arorapazari\/#organization"},"potentialAction":[{"@type":"SearchAction","target":{"@type":"EntryPoint","urlTemplate":"https:\/\/aroratr.club\/arorapazari\/?s={search_term_string}"},"query-input":"required name=search_term_string"}],"inLanguage":"tr"},{"@type":"Organization","@id":"https:\/\/aroratr.club\/arorapazari\/#organization","name":"Arora Motosiklet Pazar\u0131","url":"https:\/\/aroratr.club\/arorapazari\/","logo":{"@type":"ImageObject","inLanguage":"tr","@id":"https:\/\/aroratr.club\/arorapazari\/#\/schema\/logo\/image\/","url":"https:\/\/aroratr.club\/arorapazari\/wp-content\/uploads\/2023\/05\/cropped-image-removebg-preview-19.png","contentUrl":"https:\/\/aroratr.club\/arorapazari\/wp-content\/uploads\/2023\/05\/cropped-image-removebg-preview-19.png","width":404,"height":105,"caption":"Arora Motosiklet Pazar\u0131"},"image":{"@id":"https:\/\/aroratr.club\/arorapazari\/#\/schema\/logo\/image\/"}}]}},"_links":{"self":[{"href":"https:\/\/aroratr.club\/arorapazari\/wp-json\/wp\/v2\/pages\/12"}],"collection":[{"href":"https:\/\/aroratr.club\/arorapazari\/wp-json\/wp\/v2\/pages"}],"about":[{"href":"https:\/\/aroratr.club\/arorapazari\/wp-json\/wp\/v2\/types\/page"}],"author":[{"embeddable":true,"href":"https:\/\/aroratr.club\/arorapazari\/wp-json\/wp\/v2\/users\/1"}],"replies":[{"embeddable":true,"href":"https:\/\/aroratr.club\/arorapazari\/wp-json\/wp\/v2\/comments?post=12"}],"version-history":[{"count":2,"href":"https:\/\/aroratr.club\/arorapazari\/wp-json\/wp\/v2\/pages\/12\/revisions"}],"predecessor-version":[{"id":175,"href":"https:\/\/aroratr.club\/arorapazari\/wp-json\/wp\/v2\/pages\/12\/revisions\/175"}],"wp:attachment":[{"href":"https:\/\/aroratr.club\/arorapazari\/wp-json\/wp\/v2\/media?parent=12"}],"curies":[{"name":"wp","href":"https:\/\/api.w.org\/{rel}","templated":true}]}}